{"id":1509,"date":"2020-01-31T07:59:14","date_gmt":"2020-01-31T06:59:14","guid":{"rendered":"http:\/\/cubs-online.at\/wordpress\/?page_id=1509"},"modified":"2026-02-24T06:34:08","modified_gmt":"2026-02-24T05:34:08","slug":"impressum","status":"publish","type":"page","link":"https:\/\/cubs.at\/wordpress\/impressum\/","title":{"rendered":"Impressum"},"content":{"rendered":"<h2>Impressum<\/h2>\n<p>1. Stockerauer Base- und Softballverein<br \/>\nZVR-Zahl 492318684<\/p>\n<p>Pr\u00e4sident: Patrick Eder<\/p>\n<p>Anschrift f\u00fcr Postzustellungen:<\/p>\n<p>Dr. Karl Wallek-Stra\u00dfe 15\/3\/16, 2000 Stockerau<\/p>\n<p>Anschrift Stadion:<br \/>\nWeg zum Hallenbad 5, 2000 Stockerau<\/p>\n<p>Der Verein ist Mitglied des <strong>ASK\u00d6 N\u00d6<\/strong>.<\/p>\n<p>Die verwendeten Fotos mit freundlicher Genehmigung der Fotografen: Florian Kampl, Matthias Pekny, Alex Seidl &amp; Stefan Denner. Alle anderen Fotos sind wenn nicht anders gekennzeichnet Eigentum des Vereins.<br \/>\nWir sind f\u00fcr den Inhalt von Seiten, auf die wir verlinken, nicht verantwortlich. Gleichzeitig erkl\u00e4ren wir, dass wir uns den Inhalt jener Seiten, auf die wir verlinken, nicht zu Eigen machen. Texte m\u00fcssen nicht die offizielle Meinung des 1. Stockerauer Base- und Softballvereins wiedergeben.<\/p>\n<p>&nbsp;<\/p>\n<h2><strong>Datenschutzerkl\u00e4rung<\/strong><\/h2>\n<p>Der Schutz Ihrer pers\u00f6nlichen Daten ist uns ein besonderes Anliegen. Wir verarbeiten Ihre Daten daher ausschlie\u00dflich auf Grundlage der gesetzlichen Bestimmungen (DSGVO, TKG 2003). In diesen Datenschutzinformationen informieren wir Sie \u00fcber die wichtigsten Aspekte der Datenverarbeitung im Rahmen unserer Website.<\/p>\n<p><strong>Zugriffsdaten<\/strong><br \/>\nDer Seitenprovider erhebt Daten \u00fcber Zugriffe auf die Seite und speichert diese als \u201eServer-Logfiles\u201c ab. Folgende Daten werden so protokolliert:<br \/>\n\u2022 Besuchte Website<br \/>\n\u2022 Uhrzeit zum Zeitpunkt des Zugriffes<br \/>\n\u2022 Menge der gesendeten Daten in Byte<br \/>\n\u2022 Quelle\/Verweis, von welchem Sie auf die Seite gelangten<br \/>\n\u2022 Verwendeter Browser<br \/>\n\u2022 Verwendetes Betriebssystem<br \/>\n\u2022 Verwendete IP-Adresse<br \/>\nDie erhobenen Daten dienen lediglich statistischen Auswertungen und zur Verbesserung der Website. Der Websitebetreiber beh\u00e4lt sich allerdings vor, die Server-Logfiles nachtr\u00e4glich zu \u00fcberpr\u00fcfen, sollten konkrete Anhaltspunkte auf eine rechtswidrige Nutzung hinweisen.<\/p>\n<p><strong>Cookies<\/strong><br \/>\nDiese Website verwendet Cookies. Dabei handelt es sich um kleine Textdateien, welche auf Ihrem Endger\u00e4t gespeichert werden. Diese richten keinerlei Schaden an. Ihr Browser greift auf diese Dateien zu. Durch den Einsatz von Cookies erh\u00f6ht sich die Benutzerfreundlichkeit und Sicherheit dieser Website.<br \/>\nG\u00e4ngige Browser bieten die Einstellungsoption, Cookies nicht zuzulassen. Hinweis: Es ist nicht gew\u00e4hrleistet, dass Sie auf alle Funktionen dieser Website ohne Einschr\u00e4nkungen zugreifen k\u00f6nnen, wenn Sie entsprechende Einstellungen vornehmen.<\/p>\n<p><strong>Umgang mit personenbezogenen Daten<\/strong><br \/>\nDer Websitebetreiber erhebt, nutzt und gibt Ihre personenbezogenen Daten nur dann weiter, wenn dies im gesetzlichen Rahmen erlaubt ist oder Sie in die Datenerhebung einwilligen.<br \/>\nAls personenbezogene Daten gelten s\u00e4mtliche Informationen, welche dazu dienen, Ihre Person zu bestimmen und welche zu Ihnen zur\u00fcckverfolgt werden k\u00f6nnen \u2013 also beispielsweise Ihr Name, Ihre E-Mail-Adresse und Telefonnummer.<\/p>\n<p><strong>Umgang mit Kontaktdaten<\/strong><br \/>\nNehmen Sie mit dem Websitebetreiber durch die angebotenen Kontaktm\u00f6glichkeiten Verbindung auf, werden Ihre Angaben f\u00fcr einen Zeitraum von zw\u00f6lf Monaten gespeichert, damit auf diese zur Bearbeitung und Beantwortung Ihrer Anfrage und f\u00fcr den Fall von Anschlussfragen zur\u00fcckgegriffen werden kann. Ohne Ihre Einwilligung werden diese Daten nicht an Dritte weitergegeben.<\/p>\n<p><strong>Google Analytics<\/strong><br \/>\nUnsere Website verwendet Funktionen des Webanalysedienstes \u201eGoogle Analytics\u201c, welcher von der Google Inc. (1600 Amphitheatre Parkway Mountain View, CA 94043, USA) angeboten wird. Dazu werden Cookies verwendet, die eine Analyse der Benutzung der Website durch Ihre Benutzer erm\u00f6glicht. Die dadurch erzeugten Informationen werden auf den Server des Anbieters \u00fcbertragen und dort gespeichert.<\/p>\n<p>Sie k\u00f6nnen dies verhindern, indem Sie Ihren Browser so einrichten, dass keine Cookies gespeichert werden.<\/p>\n<p>Wir haben mit dem Anbieter einen entsprechenden Vertrag zur Auftragsdatenverarbeitung abgeschlossen.<\/p>\n<p>Ihre IP-Adresse wird erfasst, aber umgehend [zB durch L\u00f6schung der letzten 8 Bit] pseudonymisiert. Dadurch ist nur mehr eine grobe Lokalisierung m\u00f6glich.<\/p>\n<p>Die Beziehung zum Webanalyseanbieter basiert auf den jeweils geltenden Klauseln des US-Rechtes (Privacy Shield).<\/p>\n<p>Die Datenverarbeitung erfolgt auf Basis der gesetzlichen Bestimmungen des \u00a7 96 Abs 3 TKG sowie des Art 6 Abs 1 lit a (Einwilligung) und\/oder f (berechtigtes Interesse) der DSGVO.<\/p>\n<p>Unser Anliegen im Sinne der DSGVO (berechtigtes Interesse) ist die Verbesserung unseres Angebotes und unseres Webauftritts. Da uns die Privatsph\u00e4re unserer Nutzer wichtig ist, werden die Nutzerdaten.<\/p>\n<p>Die Nutzerdaten werden f\u00fcr die Dauer von 26 Monaten gespeichert.<\/p>\n<p>Weiterhin k\u00f6nnen Sie durch ein Browser-Plugin verhindern, dass die durch Cookies gesammelten Informationen (inklusive Ihrer IP-Adresse) an die Google Inc. gesendet und von der Google Inc. genutzt werden. Folgender Link f\u00fchrt Sie zu dem entsprechenden Plugin: <a href=\"https:\/\/tools.google.com\/dlpage\/gaoptout?hl=de\">https:\/\/tools.google.com\/dlpage\/gaoptout?hl=de<\/a><\/p>\n<p>Hier finden Sie weitere Informationen zur Datennutzung durch die Google Inc.: <a href=\"https:\/\/support.google.com\/analytics\/answer\/6004245?hl=de\">https:\/\/support.google.com\/analytics\/answer\/6004245?hl=de<\/a><\/p>\n<p><strong>Google Fonts<\/strong><br \/>\nDiese Website verwendet zur einheitlichen Darstellung von Google zur Verf\u00fcgung gestellte Schriftarten. Dabei wird eventuell Ihre IP-Adresse \u00fcbertragen. Die Nutzung von Google Fonts erfolgt im Interesse einer einheitlichen und ansprechenden Darstellung unserer Website. Dies stellt ein berechtigtes Interesse im Sinne von Art. 6 Abs. 1 lit. f DSGVO dar.<br \/>\nWeitere Informationen zu Google Fonts k\u00f6nnen Sie unter <a href=\"https:\/\/developers.google.com\/fonts\/faq\">https:\/\/developers.google.com\/fonts\/faq<\/a> und aus den Datenschutzhinweisen (<a href=\"https:\/\/www.google.com\/policies\/privacy\/\">https:\/\/www.google.com\/policies\/privacy\/<\/a>) von Google entnehmen.<\/p>\n<p><strong>Ihre Rechte<\/strong><br \/>\nIhnen stehen grunds\u00e4tzlich die Rechte auf Auskunft, Berichtigung, L\u00f6schung, Einschr\u00e4nkung, Daten\u00fcbertragbarkeit, Widerruf und Widerspruch zu. Wenn Sie glauben, dass die Verarbeitung Ihrer Daten gegen das Datenschutzrecht verst\u00f6\u00dft oder Ihre datenschutzrechtlichen Anspr\u00fcche sonst in einer Weise verletzt worden sind, k\u00f6nnen Sie sich bei der Aufsichtsbeh\u00f6rde beschweren. In \u00d6sterreich ist dies die Datenschutzbeh\u00f6rde.<\/p>\n<p>Sie erreichen uns unter folgenden Kontaktdaten:<br \/>\nEmail: <a href=\"mailto:office@cubs.at\">office@cubs.at<\/a><\/p>\n","protected":false},"excerpt":{"rendered":"<p>Impressum 1. Stockerauer Base- und Softballverein ZVR-Zahl 492318684 Pr\u00e4sident: Patrick Eder Anschrift f\u00fcr Postzustellungen: Dr. Karl Wallek-Stra\u00dfe 15\/3\/16, 2000 Stockerau Anschrift Stadion: Weg zum Hallenbad 5, 2000 Stockerau Der Verein ist Mitglied des ASK\u00d6 N\u00d6. Die verwendeten Fotos mit freundlicher Genehmigung der Fotografen: Florian Kampl, Matthias Pekny, Alex Seidl &amp; Stefan Denner. Alle anderen Fotos &hellip; <a href=\"https:\/\/cubs.at\/wordpress\/impressum\/\" class=\"more-link\"><span class=\"screen-reader-text\">\u201eImpressum\u201c <\/span>weiterlesen<\/a><\/p>\n","protected":false},"author":1,"featured_media":0,"parent":0,"menu_order":0,"comment_status":"closed","ping_status":"closed","template":"","meta":{"ngg_post_thumbnail":0,"footnotes":""},"class_list":["post-1509","page","type-page","status-publish","hentry"],"post_mailing_queue_ids":[],"_links":{"self":[{"href":"https:\/\/cubs.at\/wordpress\/wp-json\/wp\/v2\/pages\/1509","targetHints":{"allow":["GET"]}}],"collection":[{"href":"https:\/\/cubs.at\/wordpress\/wp-json\/wp\/v2\/pages"}],"about":[{"href":"https:\/\/cubs.at\/wordpress\/wp-json\/wp\/v2\/types\/page"}],"author":[{"embeddable":true,"href":"https:\/\/cubs.at\/wordpress\/wp-json\/wp\/v2\/users\/1"}],"replies":[{"embeddable":true,"href":"https:\/\/cubs.at\/wordpress\/wp-json\/wp\/v2\/comments?post=1509"}],"version-history":[{"count":12,"href":"https:\/\/cubs.at\/wordpress\/wp-json\/wp\/v2\/pages\/1509\/revisions"}],"predecessor-version":[{"id":9765,"href":"https:\/\/cubs.at\/wordpress\/wp-json\/wp\/v2\/pages\/1509\/revisions\/9765"}],"wp:attachment":[{"href":"https:\/\/cubs.at\/wordpress\/wp-json\/wp\/v2\/media?parent=1509"}],"curies":[{"name":"wp","href":"https:\/\/api.w.org\/{rel}","templated":true}]}}