{"id":7719,"date":"2021-03-22T21:12:55","date_gmt":"2021-03-22T20:12:55","guid":{"rendered":"https:\/\/cubs.at\/wordpress\/?page_id=7719"},"modified":"2026-02-24T06:34:08","modified_gmt":"2026-02-24T05:34:08","slug":"nachwuchskonzept","status":"publish","type":"page","link":"https:\/\/cubs.at\/wordpress\/nachwuchskonzept\/","title":{"rendered":"Nachwuchskonzept"},"content":{"rendered":"<p>&nbsp;<\/p>\n<p style=\"text-align: center;\"><span style=\"font-size: 24pt; font-family: impact, sans-serif;\"><span style=\"color: #000000;\">KIDS @<\/span>&nbsp;<span style=\"color: #2e74b5;\">CUBS<\/span><\/span><\/p>\n<h1 style=\"line-height: 107%; font-size: 21px; font-family: 'Calibri Light',sans-serif; color: #2e74b5; font-weight: normal; margin: 12.0pt 0cm 0cm 0cm;\"><strong>DIE \u201eCUBS\u201c-NACHWUCHSPHILOSOPHIE\u2026<\/strong><\/h1>\n<p style=\"line-height: 107%; font-size: 15px; font-family: 'Calibri',sans-serif; margin: 12pt 0cm 8.0pt 0cm;\"><span style=\"font-size: 16px; line-height: 107%;\">Uns Verantwortlichen bei den Stock City Cubs ist das Wohl Ihrer Kinder ein gro\u00dfes Anliegen. Wir alle sind als Eltern selbst immer auf der Suche nach der besten Umgebung f\u00fcr die F\u00f6rderung der Entwicklungsm\u00f6glichkeiten unsere Kinder.<\/span><\/p>\n<p style=\"line-height: 107%; font-size: 15px; font-family: 'Calibri',sans-serif; margin: 0cm 0cm 8.0pt 0cm;\"><span style=\"font-size: 16px; line-height: 107%;\">Auf dieser Basis haben wir unser <strong>Kinder- und Nachwuchsprogramm<\/strong><\/span><span style=\"font-size: 16px; line-height: 107%;\">&nbsp;entwickelt.<\/span><\/p>\n<p style=\"line-height: 107%; font-size: 15px; font-family: 'Calibri',sans-serif; margin: 0cm 0cm 8.0pt 0cm;\"><span style=\"font-size: 16px; line-height: 107%;\">F\u00fcr uns steht die F\u00f6rderung und Entwicklung einer guten k\u00f6rperlichen Basis f\u00fcr Ihrer Kinder durch ein unterhaltsames, altersspezifisches und dabei auch lehrreiches Bewegungsprogramm im Mittelpunkt unserer Bem\u00fchungen. Wir wollen den Kindern die Freude an Bewegung ohne Leistungsdruck und Einseitigkeit vermitteln.<\/span><\/p>\n<p style=\"line-height: 107%; font-size: 15px; font-family: 'Calibri',sans-serif; margin: 0cm 0cm 8.0pt 0cm;\"><span style=\"font-size: 16px; line-height: 107%;\">Aus diesem Grund haben wir unser Nachwuchsprogramm &#8211; abgestimmt auf das Alter der Kinder &#8211; in 3 Phasen geteilt:<\/span><\/p>\n<p>&nbsp;<\/p>\n<p style=\"line-height: 107%; font-size: 15px; font-family: 'Calibri',sans-serif; margin: 0cm 0cm 8.0pt 0cm;\"><strong><span style=\"font-size: 16px; line-height: 107%; font-family: 'Calibri Light',sans-serif; color: #2e74b5;\">\u2666 Kinder U10<\/span><\/strong><\/p>\n<p>F\u00fcr die Kids im Alter von 7-10 Jahren bieten wir die Chance sich in coolen amerikanischen Sportarten auszuprobieren. Die Kids lernen die typisch amerikanische Sportart in spielerischer Weise zusammen mit Gleichaltrigen kennen.<\/p>\n<p style=\"line-height: 107%; font-size: 15px; font-family: 'Calibri',sans-serif; margin: 0cm 0cm 8.0pt 0cm;\"><strong><span style=\"font-size: 16px; line-height: 107%; font-family: 'Calibri Light',sans-serif; color: #2e74b5;\">\u2666 Kinder U12<\/span><\/strong><\/p>\n<p>F\u00fcr alle Jugendliche von ab 10 Jahren bieten wir die M\u00f6glichkeit Baseball in einer Liga zu spielen.<\/p>\n<p style=\"line-height: 107%; font-size: 15px; font-family: 'Calibri',sans-serif; margin: 0cm 0cm 8.0pt 0cm;\"><strong><span style=\"font-size: 16px; line-height: 107%; font-family: 'Calibri Light',sans-serif; color: #2e74b5;\">\u2666 Jugendliche U15<\/span><\/strong><\/p>\n<p>Wir geben Einsteigern die M\u00f6glichkeit begleitet von unserem Importplayer Baseball in einer ambitionierten Gruppe junger Spieler zu erlernen. Ziel ist es, den Jugendlichen den Sport schmackhaft zu machen und sich darin mit Gleichaltrigen in der Jugendliga&nbsp; messen zu k\u00f6nnen. Ab dem Alter von 15 Jahren besteht dann die M\u00f6glichkeit zusammen mit den Erwachsenen zu trainieren und in der zweiten Mannschaft spielerische Erfahrungen zu sammeln, bevor auch ein Aufstieg in die erste Mannschaft geschafft werden kann.<\/p>\n<p><strong>&nbsp;<\/strong><\/p>\n<h1 style=\"line-height: 107%; font-size: 21px; font-family: 'Calibri Light',sans-serif; color: #2e74b5; font-weight: normal; margin: 12.0pt 0cm 0cm 0cm;\"><strong>WIR BIETEN IHREM KIND\u2026<\/strong><\/h1>\n<p style=\"line-height: 107%; font-size: 15px; font-family: 'Calibri',sans-serif; margin: 12pt 0cm 8.0pt 0cm;\"><span style=\"font-size: 16px; line-height: 107%;\"><strong><span style=\"font-size: 16px; line-height: 107%; font-family: 'Calibri Light',sans-serif; color: #2e74b5;\">\u21d2 <\/span><\/strong>Betreuung je nach Programm geleitet und unterst\u00fctzt durch <strong>englischsprachige Coaches.<\/strong><\/span><\/p>\n<p style=\"line-height: 107%; font-size: 15px; font-family: 'Calibri',sans-serif; margin: 0cm 0cm 8.0pt 0cm;\"><span style=\"font-size: 16px; line-height: 107%;\"><strong><span style=\"font-size: 16px; line-height: 107%; font-family: 'Calibri Light',sans-serif; color: #2e74b5;\">\u21d2 <\/span><\/strong>Spa\u00df bei Bewegung an der frischen Luft auf einem der sch\u00f6nsten Baseballfelder \u00d6sterreichs.<\/span><\/p>\n<p style=\"line-height: 107%; font-size: 15px; font-family: 'Calibri',sans-serif; margin: 0cm 0cm 8.0pt 0cm;\"><span style=\"font-size: 16px; line-height: 107%;\"><strong><span style=\"font-size: 16px; line-height: 107%; font-family: 'Calibri Light',sans-serif; color: #2e74b5;\">\u21d2 s<\/span><\/strong>portliche Bet\u00e4tigung ohne Leistungsdruck.<\/span><\/p>\n<p style=\"line-height: 107%; font-size: 15px; font-family: 'Calibri',sans-serif; margin: 0cm 0cm 8.0pt 0cm;\"><span style=\"font-size: 16px; line-height: 107%;\"><strong><span style=\"font-size: 16px; line-height: 107%; font-family: 'Calibri Light',sans-serif; color: #2e74b5;\">\u21d2 <\/span><\/strong>dem Alter und den Bed\u00fcrfnissen der Kinder angepasste mehrstufige Bewegungsschulung.<\/span><\/p>\n<p style=\"line-height: 107%; font-size: 15px; font-family: 'Calibri',sans-serif; margin: 0cm 0cm 8.0pt 0cm;\"><span style=\"font-size: 16px; line-height: 107%;\"><strong><span style=\"font-size: 16px; line-height: 107%; font-family: 'Calibri Light',sans-serif; color: #2e74b5;\">\u21d2<\/span> famili\u00e4re Atmosph\u00e4re<\/strong> und <strong>individuelle Betreuung.<\/strong><\/span><\/p>\n<p style=\"line-height: 107%; font-size: 15px; font-family: 'Calibri',sans-serif; margin: 0cm 0cm 8.0pt 0cm;\"><span style=\"font-size: 16px; line-height: 107%;\"><strong><span style=\"font-size: 16px; line-height: 107%; font-family: 'Calibri Light',sans-serif; color: #2e74b5;\">\u21d2<\/span><\/strong> Wintertraining in der Halle.<\/span><\/p>\n<p style=\"line-height: 107%; font-size: 15px; font-family: 'Calibri',sans-serif; margin: 0cm 0cm 8.0pt 0cm;\"><span style=\"font-size: 16px; line-height: 107%;\"><strong><span style=\"font-size: 16px; line-height: 107%; font-family: 'Calibri Light',sans-serif; color: #2e74b5;\">\u21d2<\/span><\/strong> seit 1991 einer der traditionsreichsten Baseballvereine \u00d6sterreichs.<\/span><\/p>\n<p style=\"line-height: 107%; font-size: 15px; font-family: 'Calibri',sans-serif; margin: 0cm 0cm 8.0pt 0cm;\"><span style=\"font-size: 16px; line-height: 107%;\"><strong><span style=\"font-size: 16px; line-height: 107%; font-family: 'Calibri Light',sans-serif; color: #2e74b5;\">\u21d2<\/span><\/strong> 4 von 9 Spielern der Startformation des \u00f6sterreichischen Nationalteams bei der A-Pool EM 2019 in Deutschland haben das Baseballspielen bei den Cubs gelernt.<\/span><\/p>\n<h1><strong>CUBS-KONTAKT<\/strong><\/h1>\n<p>Sportliche Leitung Nachwuchs:&nbsp;&nbsp;Martin Langlois (<a href=\"mailto:martin.langlois@cubs.at\">martin.langlois@cubs.at<\/a><a href=\"mailto:martin.langlois@cubs.at\">)<\/a><\/p>\n<p>Nachwuchs Koordination:&nbsp; &nbsp; &nbsp; &nbsp; &nbsp;&nbsp; Patrick Eder (<a href=\"mailto:christoph.assmann@cubs.at\">patrick.eder@cubs.at<\/a>)&nbsp; &nbsp; &nbsp;&nbsp;<\/p>\n<p><!--\n\n\n<h1>Jetzt Unterlagen f\u00fcr eine Mitgliedschaft anfordern!<\/h1>\n\n\n[ninja_form id=6]\n--><\/p>\n","protected":false},"excerpt":{"rendered":"<p>&nbsp; KIDS @&nbsp;CUBS DIE \u201eCUBS\u201c-NACHWUCHSPHILOSOPHIE\u2026 Uns Verantwortlichen bei den Stock City Cubs ist das Wohl Ihrer Kinder ein gro\u00dfes Anliegen. Wir alle sind als Eltern selbst immer auf der Suche nach der besten Umgebung f\u00fcr die F\u00f6rderung der Entwicklungsm\u00f6glichkeiten unsere Kinder. Auf dieser Basis haben wir unser Kinder- und Nachwuchsprogramm&nbsp;entwickelt. F\u00fcr uns steht die F\u00f6rderung &hellip; <a href=\"https:\/\/cubs.at\/wordpress\/nachwuchskonzept\/\" class=\"more-link\"><span class=\"screen-reader-text\">\u201eNachwuchskonzept\u201c <\/span>weiterlesen<\/a><\/p>\n","protected":false},"author":1,"featured_media":0,"parent":0,"menu_order":0,"comment_status":"closed","ping_status":"closed","template":"","meta":{"ngg_post_thumbnail":0,"footnotes":""},"class_list":["post-7719","page","type-page","status-publish","hentry"],"post_mailing_queue_ids":[],"_links":{"self":[{"href":"https:\/\/cubs.at\/wordpress\/wp-json\/wp\/v2\/pages\/7719","targetHints":{"allow":["GET"]}}],"collection":[{"href":"https:\/\/cubs.at\/wordpress\/wp-json\/wp\/v2\/pages"}],"about":[{"href":"https:\/\/cubs.at\/wordpress\/wp-json\/wp\/v2\/types\/page"}],"author":[{"embeddable":true,"href":"https:\/\/cubs.at\/wordpress\/wp-json\/wp\/v2\/users\/1"}],"replies":[{"embeddable":true,"href":"https:\/\/cubs.at\/wordpress\/wp-json\/wp\/v2\/comments?post=7719"}],"version-history":[{"count":37,"href":"https:\/\/cubs.at\/wordpress\/wp-json\/wp\/v2\/pages\/7719\/revisions"}],"predecessor-version":[{"id":10074,"href":"https:\/\/cubs.at\/wordpress\/wp-json\/wp\/v2\/pages\/7719\/revisions\/10074"}],"wp:attachment":[{"href":"https:\/\/cubs.at\/wordpress\/wp-json\/wp\/v2\/media?parent=7719"}],"curies":[{"name":"wp","href":"https:\/\/api.w.org\/{rel}","templated":true}]}}